{"id":2524,"date":"2024-07-07T12:01:14","date_gmt":"2024-07-07T12:01:14","guid":{"rendered":"https:\/\/techsup.pl\/?page_id=2524"},"modified":"2024-07-07T12:01:14","modified_gmt":"2024-07-07T12:01:14","slug":"crusher","status":"publish","type":"page","link":"https:\/\/techsup.pl\/?page_id=2524&lang=en","title":{"rendered":"Crusher"},"content":{"rendered":"\t\t<div data-elementor-type=\"wp-page\" data-elementor-id=\"2524\" class=\"elementor elementor-2524\">\n\t\t\t\t<div class=\"elementor-element elementor-element-c7c6d89 e-flex e-con-boxed e-con e-parent\" data-id=\"c7c6d89\" data-element_type=\"container\">\n\t\t\t\t\t<div class=\"e-con-inner\">\n\t\t<div class=\"elementor-element elementor-element-bdc613a e-con-full e-flex e-con e-child\" data-id=\"bdc613a\" data-element_type=\"container\">\n\t\t\t\t<div class=\"elementor-element elementor-element-864e07c elementor-position-top elementor-widget elementor-widget-image-box\" data-id=\"864e07c\" data-element_type=\"widget\" data-widget_type=\"image-box.default\">\n\t\t\t\t<div class=\"elementor-widget-container\">\n\t\t\t<style>\/*! elementor - v3.22.0 - 26-06-2024 *\/\n.elementor-widget-image-box .elementor-image-box-content{width:100%}@media (min-width:768px){.elementor-widget-image-box.elementor-position-left .elementor-image-box-wrapper,.elementor-widget-image-box.elementor-position-right .elementor-image-box-wrapper{display:flex}.elementor-widget-image-box.elementor-position-right .elementor-image-box-wrapper{text-align:end;flex-direction:row-reverse}.elementor-widget-image-box.elementor-position-left .elementor-image-box-wrapper{text-align:start;flex-direction:row}.elementor-widget-image-box.elementor-position-top .elementor-image-box-img{margin:auto}.elementor-widget-image-box.elementor-vertical-align-top .elementor-image-box-wrapper{align-items:flex-start}.elementor-widget-image-box.elementor-vertical-align-middle .elementor-image-box-wrapper{align-items:center}.elementor-widget-image-box.elementor-vertical-align-bottom .elementor-image-box-wrapper{align-items:flex-end}}@media (max-width:767px){.elementor-widget-image-box .elementor-image-box-img{margin-left:auto!important;margin-right:auto!important;margin-bottom:15px}}.elementor-widget-image-box .elementor-image-box-img{display:inline-block}.elementor-widget-image-box .elementor-image-box-title a{color:inherit}.elementor-widget-image-box .elementor-image-box-wrapper{text-align:center}.elementor-widget-image-box .elementor-image-box-description{margin:0}<\/style><div class=\"elementor-image-box-wrapper\"><figure class=\"elementor-image-box-img\"><a href=\"http:\/\/techsup.pl\/wp-content\/uploads\/2024\/03\/kruszarka-mlotkowa1.png\" target=\"_blank\" tabindex=\"-1\"><img fetchpriority=\"high\" decoding=\"async\" width=\"283\" height=\"235\" src=\"https:\/\/techsup.pl\/wp-content\/uploads\/2024\/03\/kruszarka-mlotkowa1.png\" class=\"elementor-animation-grow attachment-medium size-medium wp-image-2177\" alt=\"\" \/><\/a><\/figure><div class=\"elementor-image-box-content\"><h3 class=\"elementor-image-box-title\"><a href=\"http:\/\/techsup.pl\/wp-content\/uploads\/2024\/03\/kruszarka-mlotkowa1.png\" target=\"_blank\">Kruszarka m\u0142otkowa - szk\u0142o opakowaniowe<\/a><\/h3><p class=\"elementor-image-box-description\">Kruszarka m\u0142otkowa - szk\u0142o opakowaniowe<\/p><\/div><\/div>\t\t<\/div>\n\t\t\t\t<\/div>\n\t\t\t\t<\/div>\n\t\t<div class=\"elementor-element elementor-element-19c5660 e-con-full e-flex e-con e-child\" data-id=\"19c5660\" data-element_type=\"container\">\n\t\t\t\t<div class=\"elementor-element elementor-element-e2ea591 elementor-position-top elementor-widget elementor-widget-image-box\" data-id=\"e2ea591\" data-element_type=\"widget\" data-widget_type=\"image-box.default\">\n\t\t\t\t<div class=\"elementor-widget-container\">\n\t\t\t<div class=\"elementor-image-box-wrapper\"><figure class=\"elementor-image-box-img\"><a href=\"http:\/\/techsup.pl\/wp-content\/uploads\/2024\/03\/kruszarka-mlotkowa-2.png\" target=\"_blank\" tabindex=\"-1\"><img decoding=\"async\" width=\"300\" height=\"186\" src=\"https:\/\/techsup.pl\/wp-content\/uploads\/2024\/03\/kruszarka-mlotkowa-2-300x186.png\" class=\"elementor-animation-grow attachment-medium size-medium wp-image-2176\" alt=\"\" srcset=\"https:\/\/techsup.pl\/wp-content\/uploads\/2024\/03\/kruszarka-mlotkowa-2-300x186.png 300w, https:\/\/techsup.pl\/wp-content\/uploads\/2024\/03\/kruszarka-mlotkowa-2-768x477.png 768w, https:\/\/techsup.pl\/wp-content\/uploads\/2024\/03\/kruszarka-mlotkowa-2.png 938w\" sizes=\"(max-width: 300px) 100vw, 300px\" \/><\/a><\/figure><div class=\"elementor-image-box-content\"><h3 class=\"elementor-image-box-title\"><a href=\"http:\/\/techsup.pl\/wp-content\/uploads\/2024\/03\/kruszarka-mlotkowa-2.png\" target=\"_blank\">Kruszarka m\u0142otkowa - szk\u0142o p\u0142askie<\/a><\/h3><p class=\"elementor-image-box-description\">Kruszarka m\u0142otkowa - szk\u0142o p\u0142askie<\/p><\/div><\/div>\t\t<\/div>\n\t\t\t\t<\/div>\n\t\t\t\t<\/div>\n\t\t<div class=\"elementor-element elementor-element-d152658 e-con-full e-flex e-con e-child\" data-id=\"d152658\" data-element_type=\"container\">\n\t\t\t\t<div class=\"elementor-element elementor-element-bec1efb elementor-position-top elementor-widget elementor-widget-image-box\" data-id=\"bec1efb\" data-element_type=\"widget\" data-widget_type=\"image-box.default\">\n\t\t\t\t<div class=\"elementor-widget-container\">\n\t\t\t<div class=\"elementor-image-box-wrapper\"><figure class=\"elementor-image-box-img\"><a href=\"http:\/\/techsup.pl\/wp-content\/uploads\/2024\/03\/przenosnik-tasmowy.png\" target=\"_blank\" tabindex=\"-1\"><img decoding=\"async\" width=\"300\" height=\"229\" src=\"https:\/\/techsup.pl\/wp-content\/uploads\/2024\/03\/przenosnik-tasmowy-300x229.png\" class=\"elementor-animation-grow attachment-medium size-medium wp-image-2163\" alt=\"\" srcset=\"https:\/\/techsup.pl\/wp-content\/uploads\/2024\/03\/przenosnik-tasmowy-300x229.png 300w, https:\/\/techsup.pl\/wp-content\/uploads\/2024\/03\/przenosnik-tasmowy.png 593w\" sizes=\"(max-width: 300px) 100vw, 300px\" \/><\/a><\/figure><div class=\"elementor-image-box-content\"><h3 class=\"elementor-image-box-title\"><a href=\"http:\/\/techsup.pl\/wp-content\/uploads\/2024\/03\/przenosnik-tasmowy.png\" target=\"_blank\">Przeno\u015bniki ta\u015bmowe<\/a><\/h3><p class=\"elementor-image-box-description\">Przeno\u015bniki ta\u015bmowe<\/p><\/div><\/div>\t\t<\/div>\n\t\t\t\t<\/div>\n\t\t\t\t<\/div>\n\t\t\t\t\t<\/div>\n\t\t\t\t<\/div>\n\t\t<div class=\"elementor-element elementor-element-5eb9de4 e-flex e-con-boxed e-con e-parent\" data-id=\"5eb9de4\" data-element_type=\"container\">\n\t\t\t\t\t<div class=\"e-con-inner\">\n\t\t<div class=\"elementor-element elementor-element-42a03cc e-con-full e-flex e-con e-child\" data-id=\"42a03cc\" data-element_type=\"container\">\n\t\t\t\t<div class=\"elementor-element elementor-element-3454edc elementor-position-top elementor-widget elementor-widget-image-box\" data-id=\"3454edc\" data-element_type=\"widget\" data-widget_type=\"image-box.default\">\n\t\t\t\t<div class=\"elementor-widget-container\">\n\t\t\t<div class=\"elementor-image-box-wrapper\"><figure class=\"elementor-image-box-img\"><a href=\"http:\/\/techsup.pl\/wp-content\/uploads\/2024\/03\/Kruszarka-typy.png\" target=\"_blank\" tabindex=\"-1\"><img loading=\"lazy\" decoding=\"async\" width=\"300\" height=\"174\" src=\"https:\/\/techsup.pl\/wp-content\/uploads\/2024\/03\/Kruszarka-typy-300x174.png\" class=\"elementor-animation-grow attachment-medium size-medium wp-image-2178\" alt=\"\" srcset=\"https:\/\/techsup.pl\/wp-content\/uploads\/2024\/03\/Kruszarka-typy-300x174.png 300w, https:\/\/techsup.pl\/wp-content\/uploads\/2024\/03\/Kruszarka-typy-1024x595.png 1024w, https:\/\/techsup.pl\/wp-content\/uploads\/2024\/03\/Kruszarka-typy-768x446.png 768w, https:\/\/techsup.pl\/wp-content\/uploads\/2024\/03\/Kruszarka-typy.png 1136w\" sizes=\"(max-width: 300px) 100vw, 300px\" \/><\/a><\/figure><div class=\"elementor-image-box-content\"><h3 class=\"elementor-image-box-title\"><a href=\"http:\/\/techsup.pl\/wp-content\/uploads\/2024\/03\/Kruszarka-typy.png\" target=\"_blank\">Kruszarka m\u0142otkowa - typy<\/a><\/h3><\/div><\/div>\t\t<\/div>\n\t\t\t\t<\/div>\n\t\t\t\t<\/div>\n\t\t\t\t\t<\/div>\n\t\t\t\t<\/div>\n\t\t\t\t<\/div>\n\t\t","protected":false},"excerpt":{"rendered":"<p>Kruszarka m\u0142otkowa &#8211; szk\u0142o opakowaniowe Kruszarka m\u0142otkowa &#8211; szk\u0142o opakowaniowe Kruszarka m\u0142otkowa &#8211; szk\u0142o p\u0142askie Kruszarka m\u0142otkowa &#8211; szk\u0142o p\u0142askie Przeno\u015bniki ta\u015bmowe Przeno\u015bniki ta\u015bmowe Kruszarka m\u0142otkowa &#8211; typy<\/p>\n","protected":false},"author":1,"featured_media":0,"parent":0,"menu_order":0,"comment_status":"closed","ping_status":"closed","template":"","meta":{"footnotes":""},"class_list":["post-2524","page","type-page","status-publish","hentry"],"blocksy_meta":{"styles_descriptor":{"styles":{"desktop":"","tablet":"","mobile":""},"google_fonts":[],"version":5}},"_links":{"self":[{"href":"https:\/\/techsup.pl\/index.php?rest_route=\/wp\/v2\/pages\/2524","targetHints":{"allow":["GET"]}}],"collection":[{"href":"https:\/\/techsup.pl\/index.php?rest_route=\/wp\/v2\/pages"}],"about":[{"href":"https:\/\/techsup.pl\/index.php?rest_route=\/wp\/v2\/types\/page"}],"author":[{"embeddable":true,"href":"https:\/\/techsup.pl\/index.php?rest_route=\/wp\/v2\/users\/1"}],"replies":[{"embeddable":true,"href":"https:\/\/techsup.pl\/index.php?rest_route=%2Fwp%2Fv2%2Fcomments&post=2524"}],"version-history":[{"count":1,"href":"https:\/\/techsup.pl\/index.php?rest_route=\/wp\/v2\/pages\/2524\/revisions"}],"predecessor-version":[{"id":2525,"href":"https:\/\/techsup.pl\/index.php?rest_route=\/wp\/v2\/pages\/2524\/revisions\/2525"}],"wp:attachment":[{"href":"https:\/\/techsup.pl\/index.php?rest_route=%2Fwp%2Fv2%2Fmedia&parent=2524"}],"curies":[{"name":"wp","href":"https:\/\/api.w.org\/{rel}","templated":true}]}}